{"id":105,"date":"2024-12-11T14:18:08","date_gmt":"2024-12-11T14:18:08","guid":{"rendered":"http:\/\/localhost\/provenances\/?page_id=105"},"modified":"2025-01-17T15:18:27","modified_gmt":"2025-01-17T15:18:27","slug":"team","status":"publish","type":"page","link":"https:\/\/provenances.univ-lille.fr\/?page_id=105","title":{"rendered":"Team"},"content":{"rendered":"\t\t<div data-elementor-type=\"wp-page\" data-elementor-id=\"105\" class=\"elementor elementor-105\" data-elementor-post-type=\"page\">\n\t\t\t\t<div class=\"elementor-element elementor-element-f1b48ca e-con-full e-flex e-con e-parent\" data-id=\"f1b48ca\" data-element_type=\"container\" data-settings=\"{&quot;background_background&quot;:&quot;classic&quot;}\">\n\t\t<div class=\"elementor-element elementor-element-5ecc175 e-con-full e-flex e-con e-child\" data-id=\"5ecc175\" data-element_type=\"container\" id=\"florence-cv\" data-settings=\"{&quot;background_background&quot;:&quot;classic&quot;}\">\n\t\t\t\t<div class=\"elementor-element elementor-element-84c6be5 florence-cv elementor-widget elementor-widget-heading\" data-id=\"84c6be5\" data-element_type=\"widget\" data-widget_type=\"heading.default\">\n\t\t\t\t<div class=\"elementor-widget-container\">\n\t\t\t<h1 class=\"elementor-heading-title elementor-size-default\">Team Members<\/h1>\t\t<\/div>\n\t\t\t\t<\/div>\n\t\t\t\t<\/div>\n\t\t<div class=\"elementor-element elementor-element-9c6ba08 e-con-full e-flex e-con e-child\" data-id=\"9c6ba08\" data-element_type=\"container\">\n\t\t\t\t<\/div>\n\t\t\t\t<\/div>\n\t\t<div class=\"elementor-element elementor-element-c2543b1 e-con-full e-flex e-con e-parent\" data-id=\"c2543b1\" data-element_type=\"container\" data-settings=\"{&quot;background_background&quot;:&quot;classic&quot;}\">\n\t\t<div class=\"elementor-element elementor-element-2930878 e-con-full e-flex e-con e-child\" data-id=\"2930878\" data-element_type=\"container\" data-settings=\"{&quot;background_background&quot;:&quot;classic&quot;}\">\n\t\t\t\t<div class=\"elementor-element elementor-element-c89f07e elementor-widget elementor-widget-image\" data-id=\"c89f07e\" data-element_type=\"widget\" data-widget_type=\"image.default\">\n\t\t\t\t<div class=\"elementor-widget-container\">\n\t\t\t\t\t\t\t\t\t\t\t\t\t<img decoding=\"async\" width=\"150\" height=\"150\" src=\"https:\/\/provenances.univ-lille.fr\/wp-content\/uploads\/2024\/12\/Untitled-design-3-150x150-2.png\" class=\"attachment-full size-full wp-image-73\" alt=\"Profile photo of Florence Le Bars-Tosi\" srcset=\"https:\/\/provenances.univ-lille.fr\/wp-content\/uploads\/2024\/12\/Untitled-design-3-150x150-2.png 150w, https:\/\/provenances.univ-lille.fr\/wp-content\/uploads\/2024\/12\/elementor\/thumbs\/Untitled-design-3-150x150-2-qycni4xi6zvl9t3w0uiqcw6tprfzhcsw8a5vlnmkso.png 20w\" sizes=\"(max-width: 150px) 100vw, 150px\" \/>\t\t\t\t\t\t\t\t\t\t\t\t\t<\/div>\n\t\t\t\t<\/div>\n\t\t\t\t<div class=\"elementor-element elementor-element-7adba62 elementor-widget elementor-widget-text-editor\" data-id=\"7adba62\" data-element_type=\"widget\" data-widget_type=\"text-editor.default\">\n\t\t\t\t<div class=\"elementor-widget-container\">\n\t\t\t\t\t\t\t<p><strong>Florence Le Bars-Tosi\u200b<br \/><\/strong><strong>Principal Investigator (PI)<\/strong><br \/><strong>ORCID:<\/strong>\u00a00000-0002-6449-6872<\/p>\t\t\t\t\t\t<\/div>\n\t\t\t\t<\/div>\n\t\t\t\t<\/div>\n\t\t<div class=\"elementor-element elementor-element-1009e82 e-con-full e-flex e-con e-child\" data-id=\"1009e82\" data-element_type=\"container\">\n\t\t\t\t<div class=\"elementor-element elementor-element-6fad7d0 elementor-widget elementor-widget-text-editor\" data-id=\"6fad7d0\" data-element_type=\"widget\" data-widget_type=\"text-editor.default\">\n\t\t\t\t<div class=\"elementor-widget-container\">\n\t\t\t\t\t\t\t<p><b>Florence Le Bars-Tosi<\/b>\u00a0is an Associate Professor in Archaeology and Art History of the Classical World at the University of Lille. She holds a PhD in History and Archaeology of Ancient Worlds from Paris Ouest Nanterre University and has extensive experience in teaching and research, specializing in Classical Studies and the Archaeology of Magna Graecia. Florence has authored many publications and participated in numerous international conferences. Her interdisciplinary approach integrates historical investigation with archaeological and iconographic analysis, contributing significantly to the understanding of ancient societies. Florence also leads major research projects and collaborates with various institutions across Europe.<\/p>\t\t\t\t\t\t<\/div>\n\t\t\t\t<\/div>\n\t\t\t\t<\/div>\n\t\t\t\t<\/div>\n\t\t<div class=\"elementor-element elementor-element-9ddcf12 e-con-full e-flex e-con e-parent\" data-id=\"9ddcf12\" data-element_type=\"container\" data-settings=\"{&quot;background_background&quot;:&quot;classic&quot;}\">\n\t\t<div class=\"elementor-element elementor-element-80019f8 e-con-full e-flex e-con e-child\" data-id=\"80019f8\" data-element_type=\"container\" data-settings=\"{&quot;background_background&quot;:&quot;classic&quot;}\">\n\t\t\t\t<div class=\"elementor-element elementor-element-83d0cb0 elementor-widget elementor-widget-heading\" data-id=\"83d0cb0\" data-element_type=\"widget\" data-widget_type=\"heading.default\">\n\t\t\t\t<div class=\"elementor-widget-container\">\n\t\t\t<h2 class=\"elementor-heading-title elementor-size-default\">Positions<\/h2>\t\t<\/div>\n\t\t\t\t<\/div>\n\t\t\t\t<\/div>\n\t\t<div class=\"elementor-element elementor-element-48f3230 e-con-full e-flex e-con e-child\" data-id=\"48f3230\" data-element_type=\"container\">\n\t\t\t\t<div class=\"elementor-element elementor-element-b8d9035 elementor-widget elementor-widget-text-editor\" data-id=\"b8d9035\" data-element_type=\"widget\" data-widget_type=\"text-editor.default\">\n\t\t\t\t<div class=\"elementor-widget-container\">\n\t\t\t\t\t\t\t<p>\u00a0<\/p><p><b>&#8211; Associate Professor in Archaeology and Art History of the Classical World<\/b>\u00a0(2022 \u2013 Present)<br \/>University of Lille, France<br \/><b>&#8211; Contract Professor in Museology<\/b>\u00a0(2021-2022)<br \/>University of Naples \u201cFederico II\u201d, Italy<br \/><b>&#8211; Research Contract for the Digital Millin Project<\/b>\u00a0(2018-2019)<br \/>Biblioth\u00e8que nationale de France \u2013 Labex CAP \u2013 Sorbonne Paris I University<br \/><b>&#8211; Postdoctoral Researcher for the \u201cRubi Antiqua\u201d Project<\/b>\u00a0(2015-2017)<br \/>CNRS Paris \u2013 Sorbonne Paris I University \u2013 Regione Puglia (Italy)<br \/><b>&#8211; Adjunct Professor in Greek Archaeology and Ancient Art History<\/b>\u00a0(2008-2019)<br \/>Ecole du Louvre, Paris, France<br \/><b>&#8211; Teaching Assistant in Roman Iconography and Topography<\/b>\u00a0(2008-2016)<br \/>Paris Ouest Nanterre University, France<\/p><p>\u00a0<\/p>\t\t\t\t\t\t<\/div>\n\t\t\t\t<\/div>\n\t\t\t\t<\/div>\n\t\t\t\t<\/div>\n\t\t<div class=\"elementor-element elementor-element-d463723 e-con-full e-flex e-con e-parent\" data-id=\"d463723\" data-element_type=\"container\" data-settings=\"{&quot;background_background&quot;:&quot;classic&quot;}\">\n\t\t<div class=\"elementor-element elementor-element-e164d1a e-con-full e-flex e-con e-child\" data-id=\"e164d1a\" data-element_type=\"container\" data-settings=\"{&quot;background_background&quot;:&quot;classic&quot;}\">\n\t\t\t\t<div class=\"elementor-element elementor-element-a5ca172 elementor-widget elementor-widget-heading\" data-id=\"a5ca172\" data-element_type=\"widget\" data-widget_type=\"heading.default\">\n\t\t\t\t<div class=\"elementor-widget-container\">\n\t\t\t<h2 class=\"elementor-heading-title elementor-size-default\">Education<\/h2>\t\t<\/div>\n\t\t\t\t<\/div>\n\t\t\t\t<\/div>\n\t\t<div class=\"elementor-element elementor-element-edf6e75 e-con-full e-flex e-con e-child\" data-id=\"edf6e75\" data-element_type=\"container\">\n\t\t\t\t<div class=\"elementor-element elementor-element-0975b22 elementor-widget elementor-widget-text-editor\" data-id=\"0975b22\" data-element_type=\"widget\" data-widget_type=\"text-editor.default\">\n\t\t\t\t<div class=\"elementor-widget-container\">\n\t\t\t\t\t\t\t<p>\u00a0<\/p><p><b>&#8211; PhD in History and Archaeology of Ancient Worlds<\/b>\u00a0(2014)<br \/>Paris Ouest Nanterre University, France\u00a0<strong>(<\/strong><b>Supervisor:<\/b>\u00a0Prof. Agn\u00e8s Rouveret and Prof. Carlo Gasparri<strong>)<br \/><\/strong><b>&#8211; Master 2 in Art History, Museology and History of Collections<\/b>\u00a0(2007)<br \/>Ecole du Louvre, Paris, France<br \/><b>&#8211; Master 1 in Art History and Museology<\/b>\u00a0(2006)<br \/>Ecole du Louvre<br \/><b>&#8211; Magister of Classical Studies<\/b>\u00a0(2005)<br \/>Sorbonne Paris IV University<br \/><b>&#8211; Master Degree (Ma\u00eetrise) in Ancient Greek History<\/b>\u00a0(2003)<br \/>Sorbonne Paris IV University\u00a0<strong>(<\/strong><b>Supervisor:<\/b>\u00a0Olivier Picard<strong>)<\/strong><\/p><p>\u00a0<\/p>\t\t\t\t\t\t<\/div>\n\t\t\t\t<\/div>\n\t\t\t\t<\/div>\n\t\t\t\t<\/div>\n\t\t<div class=\"elementor-element elementor-element-6cec5ab e-con-full e-flex e-con e-parent\" data-id=\"6cec5ab\" data-element_type=\"container\" data-settings=\"{&quot;background_background&quot;:&quot;classic&quot;}\">\n\t\t<div class=\"elementor-element elementor-element-460c0cd e-con-full e-flex e-con e-child\" data-id=\"460c0cd\" data-element_type=\"container\" data-settings=\"{&quot;background_background&quot;:&quot;classic&quot;}\">\n\t\t\t\t<div class=\"elementor-element elementor-element-04bfae5 elementor-widget elementor-widget-heading\" data-id=\"04bfae5\" data-element_type=\"widget\" data-widget_type=\"heading.default\">\n\t\t\t\t<div class=\"elementor-widget-container\">\n\t\t\t<h2 class=\"elementor-heading-title elementor-size-default\">Research Achievements<\/h2>\t\t<\/div>\n\t\t\t\t<\/div>\n\t\t\t\t<\/div>\n\t\t<div class=\"elementor-element elementor-element-10fe18a e-con-full e-flex e-con e-child\" data-id=\"10fe18a\" data-element_type=\"container\">\n\t\t\t\t<div class=\"elementor-element elementor-element-79cafed elementor-widget elementor-widget-text-editor\" data-id=\"79cafed\" data-element_type=\"widget\" data-widget_type=\"text-editor.default\">\n\t\t\t\t<div class=\"elementor-widget-container\">\n\t\t\t\t\t\t\t<div style=\"font-family: Helvetica, Arial, sans-serif; font-size: 1vw;\">\n<div style=\"color: #d4904a; font-weight: bold;\"><br>Ten Selected Publications<\/div>\n<div style=\"margin-left: 20px;\"><\/br>\n\n<strong>1. Books Chapters:<\/strong><br>\n&#8211; La panth\u00e8re et Le Gu\u00e9pard. De la composition en registres au travelling chez Visconti (2022)<br>\n&#8211; Aux fronti\u00e8res de l&#8217;Had\u00e8s. La repr\u00e9sentation des espaces fun\u00e9raires dans la c\u00e9ramique apulienne du IVe si\u00e8cle av. J.-C. (2018)<br>\n&#8211; Les collections de c\u00e9ramique antique de Caroline Murat (2017)<br>\n\n<br><strong>2. Conference Proceeding Papers (Peer Reviewed):<\/strong>\n<br>&#8211; Un &#8216;cold case&#8217; lucanien. Armento et la reconstitution des fouilles de 1814 (2022)<br>\n&#8211; Geopolitica dell&#8217;archeologia in Terra di Lavoro (1800-1815) (2021)<br>\n&#8211; La parentesi francese. L&#8217;archeologia nel Regno al tempo di Giuseppe Bonaparte e Gioacchino Murat (2020)<br><br>\n\n<strong>3. Articles (Peer Reviewed):<\/strong>\n<br>&#8211; Un pied (de nez) dans la tombe : l&#8217;irr\u00e9v\u00e9rence sur les productions d&#8217;argile en contexte fun\u00e9raire (2019)<br>\n&#8211; Ein Museum im Exil: die Antikensammlungen von Caroline Murat nach dem 1815 (2018)<br>\n&#8211; Sur un couvercle de l\u00e9kanis \u00e0 figures rouges du Mus\u00e9e arch\u00e9ologique de Naples (2017)<br>\n\n<\/div>\n&nbsp;\n<div style=\"color: #d4904a; font-weight: bold;\">Peer Recognition<\/div>\n<div style=\"margin-left: 20px;\"><br>\n&#8211; <strong>Collective Programs:<\/strong> Participated in several research projects such as &#8220;Rubi Antiqua&#8221; and &#8220;Digital Millin.&#8221;<br>\n&#8211; <strong>Editorial Roles:<\/strong> Member of the Editorial Board of the scientific journal REG.<br>\n&#8211; <strong>Archaeological Missions:<\/strong> Member of the Italian-French archaeological mission in Paestum.<\/div>\n&nbsp;\n<div style=\"color: #d4904a; font-weight: bold;\">Selected Presentations at International Conferences<\/div>\n<div style=\"margin-left: 20px;\"><br>\n&#8211; <strong>UCLA, Los Angeles (2016):<\/strong> Two remedies for Madness. Ways of curing the Proitides through the iconography of Magna Graecia and Sicily<br>\n&#8211; <strong>INHA, Paris (2017):<\/strong> Un &#8216;cold case&#8217; lucanien.<\/div>\n<\/div>\n&nbsp;\t\t\t\t\t\t<\/div>\n\t\t\t\t<\/div>\n\t\t\t\t<\/div>\n\t\t\t\t<\/div>\n\t\t<div class=\"elementor-element elementor-element-86d15cb e-con-full e-flex e-con e-parent\" data-id=\"86d15cb\" data-element_type=\"container\" data-settings=\"{&quot;background_background&quot;:&quot;classic&quot;}\">\n\t\t<div class=\"elementor-element elementor-element-f533bd2 e-con-full e-flex e-con e-child\" data-id=\"f533bd2\" data-element_type=\"container\" data-settings=\"{&quot;background_background&quot;:&quot;classic&quot;}\">\n\t\t\t\t<div class=\"elementor-element elementor-element-ecd0d13 peter-cv elementor-widget elementor-widget-heading\" data-id=\"ecd0d13\" data-element_type=\"widget\" data-widget_type=\"heading.default\">\n\t\t\t\t<div class=\"elementor-widget-container\">\n\t\t\t<h2 class=\"elementor-heading-title elementor-size-default\">Additional Information<\/h2>\t\t<\/div>\n\t\t\t\t<\/div>\n\t\t\t\t<\/div>\n\t\t<div class=\"elementor-element elementor-element-453696b e-con-full e-flex e-con e-child\" data-id=\"453696b\" data-element_type=\"container\">\n\t\t\t\t<div class=\"elementor-element elementor-element-4298e7d elementor-widget elementor-widget-text-editor\" data-id=\"4298e7d\" data-element_type=\"widget\" data-widget_type=\"text-editor.default\">\n\t\t\t\t<div class=\"elementor-widget-container\">\n\t\t\t\t\t\t\t<p><b><br \/>&#8211; Research Curator (2010-Present):<\/b>\u00a0Italian-French excavations of the Southern Sanctuary of Poseidonia-Paestum<br \/><b>&#8211; Assistant Curator (2008):<\/b>\u00a0Louvre Museum, AGER Department<br \/><b>&#8211; Supervision of Graduate Students:<\/b>\u00a0Supervises master students and postdoctoral fellows at the University of Lille and University of Naples<br \/><b>&#8211; Organisation of Scientific Meetings:<\/b>\u00a0Organized numerous workshops, seminars, and conferences on archaeological and museological topics<br \/><b>&#8211; Reviewing Activities:<\/b>\u00a0Peer reviewer for several scientific journals<br \/><b>&#8211; Major Collaborations:<\/b>\u00a0Engaged in scientific collaborations with institutions such as the Ecole fran\u00e7aise de Rome, CNRS, and various museums in Europe<\/p>\t\t\t\t\t\t<\/div>\n\t\t\t\t<\/div>\n\t\t\t\t<\/div>\n\t\t\t\t<\/div>\n\t\t<div class=\"elementor-element elementor-element-bab0c93 e-con-full e-flex e-con e-parent\" data-id=\"bab0c93\" data-element_type=\"container\" data-settings=\"{&quot;background_background&quot;:&quot;classic&quot;}\">\n\t\t<div class=\"elementor-element elementor-element-5744164 e-con-full e-flex e-con e-child\" data-id=\"5744164\" data-element_type=\"container\" data-settings=\"{&quot;background_background&quot;:&quot;classic&quot;}\">\n\t\t\t\t<div class=\"elementor-element elementor-element-b04782b elementor-widget elementor-widget-image\" data-id=\"b04782b\" data-element_type=\"widget\" data-widget_type=\"image.default\">\n\t\t\t\t<div class=\"elementor-widget-container\">\n\t\t\t\t\t\t\t\t\t\t\t\t\t<img decoding=\"async\" width=\"150\" height=\"150\" src=\"https:\/\/provenances.univ-lille.fr\/wp-content\/uploads\/2024\/12\/Untitled-design-4-150x150-2.png\" class=\"attachment-full size-full wp-image-74\" alt=\"Profile photo of Chenye (Peter) SHI\" \/>\t\t\t\t\t\t\t\t\t\t\t\t\t<\/div>\n\t\t\t\t<\/div>\n\t\t\t\t<div class=\"elementor-element elementor-element-e864021 elementor-widget elementor-widget-text-editor\" data-id=\"e864021\" data-element_type=\"widget\" data-widget_type=\"text-editor.default\">\n\t\t\t\t<div class=\"elementor-widget-container\">\n\t\t\t\t\t\t\t<p><strong>Chenye (Peter) Shi<\/strong><br \/><strong>Post-doc Fellow<\/strong><\/p>\t\t\t\t\t\t<\/div>\n\t\t\t\t<\/div>\n\t\t\t\t<\/div>\n\t\t<div class=\"elementor-element elementor-element-c04d413 e-con-full e-flex e-con e-child\" data-id=\"c04d413\" data-element_type=\"container\">\n\t\t\t\t<div class=\"elementor-element elementor-element-904e357 elementor-widget elementor-widget-text-editor\" data-id=\"904e357\" data-element_type=\"widget\" data-widget_type=\"text-editor.default\">\n\t\t\t\t<div class=\"elementor-widget-container\">\n\t\t\t\t\t\t\t<p><b>Chenye (Peter) Shi<\/b>\u00a0is a Postdoctoral Research Fellow in the laboratory of HALMA at the University of Lille. He holds a PhD in Classics from Stanford University, where he focused on social capital and economic accessibility in Byzantine villages. With expertise in papyrology, Roman economic history, and AI applications in historical research, Peter has authored several scholarly articles and presented at international conferences. Currently, he is working on the Aphrodito Online project at Coll\u00e8ge de France, where he manages databases, edits papyri, and develops AI projects for papyrus transcription.<\/p>\t\t\t\t\t\t<\/div>\n\t\t\t\t<\/div>\n\t\t\t\t<\/div>\n\t\t\t\t<\/div>\n\t\t<div class=\"elementor-element elementor-element-f37c620 e-con-full e-flex e-con e-parent\" data-id=\"f37c620\" data-element_type=\"container\" data-settings=\"{&quot;background_background&quot;:&quot;classic&quot;}\">\n\t\t<div class=\"elementor-element elementor-element-1ddc5c3 e-con-full e-flex e-con e-child\" data-id=\"1ddc5c3\" data-element_type=\"container\" data-settings=\"{&quot;background_background&quot;:&quot;classic&quot;}\">\n\t\t\t\t<div class=\"elementor-element elementor-element-cf9af24 elementor-widget elementor-widget-heading\" data-id=\"cf9af24\" data-element_type=\"widget\" data-widget_type=\"heading.default\">\n\t\t\t\t<div class=\"elementor-widget-container\">\n\t\t\t<h2 class=\"elementor-heading-title elementor-size-default\">Positions<\/h2>\t\t<\/div>\n\t\t\t\t<\/div>\n\t\t\t\t<\/div>\n\t\t<div class=\"elementor-element elementor-element-4f97633 e-con-full e-flex e-con e-child\" data-id=\"4f97633\" data-element_type=\"container\">\n\t\t\t\t<div class=\"elementor-element elementor-element-2519b94 elementor-widget elementor-widget-text-editor\" data-id=\"2519b94\" data-element_type=\"widget\" data-widget_type=\"text-editor.default\">\n\t\t\t\t<div class=\"elementor-widget-container\">\n\t\t\t\t\t\t\t<p><strong><br \/>&#8211; Attach\u00e9 Temporaire d\u2019Enseignement et de Recherche (ATER)<\/strong>\u00a0(2022-2024)<br \/>Coll\u00e8ge de France<br \/><strong>&#8211; Visiting Researcher<\/strong>\u00a0(2019-2020)<br \/>CNRS UMR 8167 Orient &amp; M\u00e9diterran\u00e9e<br \/><strong>&#8211; Lecturer and Teaching Assistant<\/strong>\u00a0(2017-2019)<br \/>Stanford University<\/p>\t\t\t\t\t\t<\/div>\n\t\t\t\t<\/div>\n\t\t\t\t<\/div>\n\t\t\t\t<\/div>\n\t\t<div class=\"elementor-element elementor-element-188878a e-con-full e-flex e-con e-parent\" data-id=\"188878a\" data-element_type=\"container\" data-settings=\"{&quot;background_background&quot;:&quot;classic&quot;}\">\n\t\t<div class=\"elementor-element elementor-element-4757dd7 e-con-full e-flex e-con e-child\" data-id=\"4757dd7\" data-element_type=\"container\" data-settings=\"{&quot;background_background&quot;:&quot;classic&quot;}\">\n\t\t\t\t<div class=\"elementor-element elementor-element-cf15e72 elementor-widget elementor-widget-heading\" data-id=\"cf15e72\" data-element_type=\"widget\" data-widget_type=\"heading.default\">\n\t\t\t\t<div class=\"elementor-widget-container\">\n\t\t\t<h2 class=\"elementor-heading-title elementor-size-default\">Education<\/h2>\t\t<\/div>\n\t\t\t\t<\/div>\n\t\t\t\t<\/div>\n\t\t<div class=\"elementor-element elementor-element-601545d e-con-full e-flex e-con e-child\" data-id=\"601545d\" data-element_type=\"container\">\n\t\t\t\t<div class=\"elementor-element elementor-element-25bb111 elementor-widget elementor-widget-text-editor\" data-id=\"25bb111\" data-element_type=\"widget\" data-widget_type=\"text-editor.default\">\n\t\t\t\t<div class=\"elementor-widget-container\">\n\t\t\t\t\t\t\t<p>\u00a0<\/p><p><b>&#8211; PhD in Classics<\/b>\u00a0(2015-2022)<br \/>Stanford University, USA\u00a0<b>(Supervisors:\u00a0<\/b>Prof. Walter Scheidel and Prof. Jean-Luc Fournet<b>)<br \/><\/b><b>&#8211; Master in Classical Studies<\/b>\u00a0(2013-2015)<br \/>Columbia University, USA<br \/><b>&#8211; Bachelor in History<\/b>\u00a0(2009-2013)<br \/>Peking University, China<\/p>\t\t\t\t\t\t<\/div>\n\t\t\t\t<\/div>\n\t\t\t\t<\/div>\n\t\t\t\t<\/div>\n\t\t<div class=\"elementor-element elementor-element-088af59 e-con-full e-flex e-con e-parent\" data-id=\"088af59\" data-element_type=\"container\" data-settings=\"{&quot;background_background&quot;:&quot;classic&quot;}\">\n\t\t<div class=\"elementor-element elementor-element-6cdbe50 e-con-full e-flex e-con e-child\" data-id=\"6cdbe50\" data-element_type=\"container\" data-settings=\"{&quot;background_background&quot;:&quot;classic&quot;}\">\n\t\t\t\t<div class=\"elementor-element elementor-element-b7e867a elementor-widget elementor-widget-heading\" data-id=\"b7e867a\" data-element_type=\"widget\" data-widget_type=\"heading.default\">\n\t\t\t\t<div class=\"elementor-widget-container\">\n\t\t\t<h2 class=\"elementor-heading-title elementor-size-default\">Research Achievements<\/h2>\t\t<\/div>\n\t\t\t\t<\/div>\n\t\t\t\t<\/div>\n\t\t<div class=\"elementor-element elementor-element-7f019d4 e-con-full e-flex e-con e-child\" data-id=\"7f019d4\" data-element_type=\"container\">\n\t\t\t\t<div class=\"elementor-element elementor-element-841fdc5 elementor-widget elementor-widget-text-editor\" data-id=\"841fdc5\" data-element_type=\"widget\" data-widget_type=\"text-editor.default\">\n\t\t\t\t<div class=\"elementor-widget-container\">\n\t\t\t\t\t\t\t<p><b>&#8211; Graduate Student Teaching Award<\/b>\u00a0(2019): Stanford University<br \/><b>&#8211; Digital Humanities Fellowship<\/b>\u00a0(2018-2019): Center of Spatial and Textual Analysis, Stanford University<br \/><b>&#8211; American Numismatic Society Summer Research Fellowship<\/b>\u00a0(2017): American Numismatic Society<\/p>\t\t\t\t\t\t<\/div>\n\t\t\t\t<\/div>\n\t\t\t\t<\/div>\n\t\t\t\t<\/div>\n\t\t<div class=\"elementor-element elementor-element-164c96b e-con-full e-flex e-con e-parent\" data-id=\"164c96b\" data-element_type=\"container\" data-settings=\"{&quot;background_background&quot;:&quot;classic&quot;}\">\n\t\t<div class=\"elementor-element elementor-element-e391b5b e-con-full e-flex e-con e-child\" data-id=\"e391b5b\" data-element_type=\"container\" data-settings=\"{&quot;background_background&quot;:&quot;classic&quot;}\">\n\t\t\t\t<div class=\"elementor-element elementor-element-062ad5a elementor-widget elementor-widget-heading\" data-id=\"062ad5a\" data-element_type=\"widget\" data-widget_type=\"heading.default\">\n\t\t\t\t<div class=\"elementor-widget-container\">\n\t\t\t<h1 class=\"elementor-heading-title elementor-size-default\">Steering <br> Advisory Board<\/h1>\t\t<\/div>\n\t\t\t\t<\/div>\n\t\t\t\t<\/div>\n\t\t<div class=\"elementor-element elementor-element-e5887cd e-con-full e-flex e-con e-child\" data-id=\"e5887cd\" data-element_type=\"container\" data-settings=\"{&quot;background_background&quot;:&quot;classic&quot;}\">\n\t\t\t\t<div class=\"elementor-element elementor-element-9aeacb7 elementor-widget elementor-widget-text-editor\" data-id=\"9aeacb7\" data-element_type=\"widget\" data-widget_type=\"text-editor.default\">\n\t\t\t\t<div class=\"elementor-widget-container\">\n\t\t\t\t\t\t\t<p>\u00a0<\/p><ul><li><strong>Massimo Osanna<\/strong>\u00a0Director of Direzione Generale dei Musei (Italy)<\/li><li><strong>Sabrina Mingarelli<\/strong>\u00a0Director of Direzione Generale degli Archivi (Italy)<\/li><\/ul>\t\t\t\t\t\t<\/div>\n\t\t\t\t<\/div>\n\t\t\t\t<\/div>\n\t\t\t\t<\/div>\n\t\t<div class=\"elementor-element elementor-element-9b555d3 e-con-full e-flex e-con e-parent\" data-id=\"9b555d3\" data-element_type=\"container\" data-settings=\"{&quot;background_background&quot;:&quot;classic&quot;}\">\n\t\t<div class=\"elementor-element elementor-element-68305a9 e-con-full e-flex e-con e-child\" data-id=\"68305a9\" data-element_type=\"container\" data-settings=\"{&quot;background_background&quot;:&quot;classic&quot;}\">\n\t\t\t\t<div class=\"elementor-element elementor-element-bb80dc9 elementor-widget elementor-widget-heading\" data-id=\"bb80dc9\" data-element_type=\"widget\" data-widget_type=\"heading.default\">\n\t\t\t\t<div class=\"elementor-widget-container\">\n\t\t\t<h1 class=\"elementor-heading-title elementor-size-default\">Collaborators<\/h1>\t\t<\/div>\n\t\t\t\t<\/div>\n\t\t\t\t<\/div>\n\t\t<div class=\"elementor-element elementor-element-025797a e-con-full e-flex e-con e-child\" data-id=\"025797a\" data-element_type=\"container\" data-settings=\"{&quot;background_background&quot;:&quot;classic&quot;}\">\n\t\t\t\t<div class=\"elementor-element elementor-element-6926c9a elementor-widget elementor-widget-text-editor\" data-id=\"6926c9a\" data-element_type=\"widget\" data-widget_type=\"text-editor.default\">\n\t\t\t\t<div class=\"elementor-widget-container\">\n\t\t\t\t\t\t\t<p>\u00a0<\/p><ul><li><strong>Martine Denoyelle<\/strong><\/li><li><strong>Claude Pouzadoux<\/strong><\/li><li><strong>Paola D\u2019Alconzo<\/strong><\/li><\/ul>\t\t\t\t\t\t<\/div>\n\t\t\t\t<\/div>\n\t\t\t\t<\/div>\n\t\t\t\t<\/div>\n\t\t\t\t<\/div>\n\t\t","protected":false},"excerpt":{"rendered":"<p>Team Members Florence Le Bars-Tosi\u200bPrincipal Investigator (PI)ORCID:\u00a00000-0002-6449-6872 Florence Le Bars-Tosi\u00a0is an Associate Professor in Archaeology and Art History of the Classical World at the University of Lille. She holds a PhD in History and Archaeology of Ancient Worlds from Paris Ouest Nanterre University and has extensive experience in teaching and research, specializing in Classical Studies [&hellip;]<\/p>\n","protected":false},"author":1,"featured_media":0,"parent":0,"menu_order":0,"comment_status":"closed","ping_status":"closed","template":"elementor_header_footer","meta":{"footnotes":""},"class_list":["post-105","page","type-page","status-publish","hentry"],"_links":{"self":[{"href":"https:\/\/provenances.univ-lille.fr\/index.php?rest_route=\/wp\/v2\/pages\/105","targetHints":{"allow":["GET"]}}],"collection":[{"href":"https:\/\/provenances.univ-lille.fr\/index.php?rest_route=\/wp\/v2\/pages"}],"about":[{"href":"https:\/\/provenances.univ-lille.fr\/index.php?rest_route=\/wp\/v2\/types\/page"}],"author":[{"embeddable":true,"href":"https:\/\/provenances.univ-lille.fr\/index.php?rest_route=\/wp\/v2\/users\/1"}],"replies":[{"embeddable":true,"href":"https:\/\/provenances.univ-lille.fr\/index.php?rest_route=%2Fwp%2Fv2%2Fcomments&post=105"}],"version-history":[{"count":25,"href":"https:\/\/provenances.univ-lille.fr\/index.php?rest_route=\/wp\/v2\/pages\/105\/revisions"}],"predecessor-version":[{"id":275,"href":"https:\/\/provenances.univ-lille.fr\/index.php?rest_route=\/wp\/v2\/pages\/105\/revisions\/275"}],"wp:attachment":[{"href":"https:\/\/provenances.univ-lille.fr\/index.php?rest_route=%2Fwp%2Fv2%2Fmedia&parent=105"}],"curies":[{"name":"wp","href":"https:\/\/api.w.org\/{rel}","templated":true}]}}